{"id":2781,"date":"2025-12-05T09:49:26","date_gmt":"2025-12-05T08:49:26","guid":{"rendered":"https:\/\/www.firelux.nl\/?page_id=2781"},"modified":"2025-12-05T09:50:52","modified_gmt":"2025-12-05T08:50:52","slug":"handler","status":"publish","type":"page","link":"https:\/\/www.firelux.nl\/de\/handler\/","title":{"rendered":"H\u00e4ndler"},"content":{"rendered":"\t\t<div data-elementor-type=\"wp-page\" data-elementor-id=\"2781\" class=\"elementor elementor-2781\" data-elementor-post-type=\"page\">\n\t\t\t\t<div class=\"elementor-element elementor-element-5958a0a e-flex e-con-boxed e-con e-parent\" data-id=\"5958a0a\" data-element_type=\"container\" data-e-type=\"container\">\n\t\t\t\t\t<div class=\"e-con-inner\">\n\t\t\t\t<div class=\"elementor-element elementor-element-36c9353 elementor-widget elementor-widget-heading\" data-id=\"36c9353\" data-element_type=\"widget\" data-e-type=\"widget\" data-widget_type=\"heading.default\">\n\t\t\t\t<div class=\"elementor-widget-container\">\n\t\t\t\t\t<h1 class=\"elementor-heading-title elementor-size-default\">Finden Sie einen H\u00e4ndler in Ihrer N\u00e4he<\/h1>\t\t\t\t<\/div>\n\t\t\t\t<\/div>\n\t\t\t\t<div class=\"elementor-element elementor-element-20403c9 elementor-widget elementor-widget-text-editor\" data-id=\"20403c9\" data-element_type=\"widget\" data-e-type=\"widget\" data-widget_type=\"text-editor.default\">\n\t\t\t\t<div class=\"elementor-widget-container\">\n\t\t\t\t\t\t\t\t\t<p class=\"p1\">Mit \u00fcber 500 H\u00e4ndlern in den Niederlanden finden Sie immer eine Verkaufsstelle in Ihrer N\u00e4he. Hinweis: Firelux ist ein saisonal verf\u00fcgbares Produkt. Nehmen Sie daher bitte vorab mit den H\u00e4ndler Kontakt auf, um zu pr\u00fcfen, ob das Produkt vorr\u00e4tig ist.  <\/p>\t\t\t\t\t\t\t\t<\/div>\n\t\t\t\t<\/div>\n\t\t\t\t\t<\/div>\n\t\t\t\t<\/div>\n\t\t<div class=\"elementor-element elementor-element-d089957 e-flex e-con-boxed e-con e-parent\" data-id=\"d089957\" data-element_type=\"container\" data-e-type=\"container\">\n\t\t\t\t\t<div class=\"e-con-inner\">\n\t\t\t\t<div class=\"elementor-element elementor-element-37b96ce elementor-widget elementor-widget-heading\" data-id=\"37b96ce\" data-element_type=\"widget\" data-e-type=\"widget\" data-widget_type=\"heading.default\">\n\t\t\t\t<div class=\"elementor-widget-container\">\n\t\t\t\t\t<h3 class=\"elementor-heading-title elementor-size-default\">Wohnort oder Ihre Postleitzahl<\/h3>\t\t\t\t<\/div>\n\t\t\t\t<\/div>\n\t\t\t\t\t<\/div>\n\t\t\t\t<\/div>\n\t\t<div class=\"elementor-element elementor-element-c762ef1 e-flex e-con-boxed e-con e-parent\" data-id=\"c762ef1\" data-element_type=\"container\" data-e-type=\"container\">\n\t\t\t\t\t<div class=\"e-con-inner\">\n\t\t\t\t<div class=\"elementor-element elementor-element-576045c elementor-widget elementor-widget-shortcode\" data-id=\"576045c\" data-element_type=\"widget\" data-e-type=\"widget\" data-widget_type=\"shortcode.default\">\n\t\t\t\t<div class=\"elementor-widget-container\">\n\t\t\t\t\t  <div class=\"svw-block svw-verkooppunten\">\n    <div class=\"row\">\n      <div class=\"col-12 col-md-4\">\n        <div class=\"proximity clearfix\">\n          <div class=\"facetwp-facet facetwp-facet-proximity facetwp-type-proximity\" data-name=\"proximity\" data-type=\"proximity\"><\/div>        <\/div>\n        <!-- <div class=\"reset-facets\">\n          <div class=\"resetBtn\" onclick=\"FWP.reset(['proximity', 'zoeken'])\">\n           \n          <\/div>\n        <\/div> -->\n\n        <div class=\"pointofsaleWrapper\">\n           \n              <div class=\"pointofsale\">\n                <span class=\"title\">TurnTech BV<\/span>\n                <span class=\"address\">Hogelandseweg 25<br \/>6545 AC Nijmegen                <br \/>\n                  Nederland \n                <\/span>\n                <span class=\"contact\">\n                  T: 024-3772905                    <br \/>\n                                    E:                       <a href=\"mailto: info@turntech.nl\">\n                      info@turntech.nl<\/a>\n                    <br \/>\n                                    W:                       <a href=\"https:\/\/www.turntech.nl\" target=\"_blank\">https:\/\/www.turntech.nl<\/a>\n                                  <\/span>\n                <span class=\"distance\">\n                                  <\/span>\n              <\/div>\n               \n              <div class=\"pointofsale\">\n                <span class=\"title\">Octagon Parts<\/span>\n                <span class=\"address\">Klovenier 11-1<br \/>3905 PN Veenendaal                <br \/>\n                  Nederland \n                <\/span>\n                <span class=\"contact\">\n                  T: +31318250875                    <br \/>\n                                    E:                       <a href=\"mailto: info@octagonparts.nl\">\n                      info@octagonparts.nl<\/a>\n                    <br \/>\n                                    W:                       <a href=\"https:\/\/www.octagonparts.nl\" target=\"_blank\">https:\/\/www.octagonparts.nl<\/a>\n                                  <\/span>\n                <span class=\"distance\">\n                                  <\/span>\n              <\/div>\n               \n              <div class=\"pointofsale\">\n                <span class=\"title\">Mobility Laarbeek<\/span>\n                <span class=\"address\">De Stater 6<br \/>5737 RV Lieshout                <br \/>\n                  Nederland \n                <\/span>\n                <span class=\"contact\">\n                  T: +31499425341                    <br \/>\n                                    E:                       <a href=\"mailto: receptie@mobilitylaarbeek.nl\">\n                      receptie@mobilitylaarbeek.nl<\/a>\n                    <br \/>\n                                    W:                       <a href=\"https:\/\/mobilitylaarbeek.nl\/\" target=\"_blank\">https:\/\/mobilitylaarbeek.nl\/<\/a>\n                                  <\/span>\n                <span class=\"distance\">\n                                  <\/span>\n              <\/div>\n               \n              <div class=\"pointofsale\">\n                <span class=\"title\">Mediawinkel.eu\/ Hyperactive Benelux<\/span>\n                <span class=\"address\">Marconistraat 18<br \/>2665 JE Bleiswijk                <br \/>\n                  Nederland \n                <\/span>\n                <span class=\"contact\">\n                  T: +31627885678                    <br \/>\n                                    E:                       <a href=\"mailto: info@mediawinkel.eu\">\n                      info@mediawinkel.eu<\/a>\n                    <br \/>\n                                    W:                       <a href=\"https:\/\/www.mediawinkel.eu\/nl\/\" target=\"_blank\">https:\/\/www.mediawinkel.eu\/nl\/<\/a>\n                                  <\/span>\n                <span class=\"distance\">\n                                  <\/span>\n              <\/div>\n               \n              <div class=\"pointofsale\">\n                <span class=\"title\">Zutphen Welkoop<\/span>\n                <span class=\"address\">Pollaan 50 K<br \/>7202 BX Zutphen                <br \/>\n                  Nederland \n                <\/span>\n                <span class=\"contact\">\n                  T: +31575548189                    <br \/>\n                                    E:                       <a href=\"mailto: zutphen@welkoop.com\">\n                      zutphen@welkoop.com<\/a>\n                    <br \/>\n                                                    <\/span>\n                <span class=\"distance\">\n                                  <\/span>\n              <\/div>\n               \n              <div class=\"pointofsale\">\n                <span class=\"title\">Zandijk LMB<\/span>\n                <span class=\"address\">Stevinweg 4<br \/>4691 SM Tholen                <br \/>\n                  Nederland \n                <\/span>\n                <span class=\"contact\">\n                  T: +31166602401                    <br \/>\n                                    E:                       <a href=\"mailto: info@zandijk.com\">\n                      info@zandijk.com<\/a>\n                    <br \/>\n                                    W:                       <a href=\"https:\/\/www.zandijk.com\" target=\"_blank\">https:\/\/www.zandijk.com<\/a>\n                                  <\/span>\n                <span class=\"distance\">\n                                  <\/span>\n              <\/div>\n               \n              <div class=\"pointofsale\">\n                <span class=\"title\">Welkoop Hengelo Overijssel<\/span>\n                <span class=\"address\">Wegtersweg 28A<br \/>7556 BR Hengelo (OV)                <br \/>\n                  Nederland \n                <\/span>\n                <span class=\"contact\">\n                  T: +31742501435                    <br \/>\n                                                                      <\/span>\n                <span class=\"distance\">\n                                  <\/span>\n              <\/div>\n               \n              <div class=\"pointofsale\">\n                <span class=\"title\">Zwaagdijk-Oost Welkoop<\/span>\n                <span class=\"address\">Marktweg 12<br \/>1681 NM Zwaagdijk-Oost                <br \/>\n                  Nederland \n                <\/span>\n                <span class=\"contact\">\n                  T: +31228567115                    <br \/>\n                                    E:                       <a href=\"mailto: zwaagdijkoost@welkoop.com\">\n                      zwaagdijkoost@welkoop.com<\/a>\n                    <br \/>\n                                                    <\/span>\n                <span class=\"distance\">\n                                  <\/span>\n              <\/div>\n               \n              <div class=\"pointofsale\">\n                <span class=\"title\">Zevenhuizen Welkoop<\/span>\n                <span class=\"address\">Noordelijke Dwarsweg 96<br \/>2761 GD Zevenhuizen ZH                <br \/>\n                  Nederland \n                <\/span>\n                <span class=\"contact\">\n                  T: +31180633233                    <br \/>\n                                    E:                       <a href=\"mailto: zevenhuizen@welkoop.com\">\n                      zevenhuizen@welkoop.com<\/a>\n                    <br \/>\n                                                    <\/span>\n                <span class=\"distance\">\n                                  <\/span>\n              <\/div>\n               \n              <div class=\"pointofsale\">\n                <span class=\"title\">Zelhem Welkoop<\/span>\n                <span class=\"address\">Dr. Grashuisstraat 11<br \/>7021 CL Zelhem                <br \/>\n                  Nederland \n                <\/span>\n                <span class=\"contact\">\n                  T: +31314621238                    <br \/>\n                                    E:                       <a href=\"mailto: zelhem@welkoop.com\">\n                      zelhem@welkoop.com<\/a>\n                    <br \/>\n                                                    <\/span>\n                <span class=\"distance\">\n                                  <\/span>\n              <\/div>\n                      <\/div>\n        <div class=\"facet-pagination\"><div class=\"facetwp-facet facetwp-facet-pagination facetwp-type-pager\" data-name=\"pagination\" data-type=\"pager\"><\/div><\/div>\n\n      <\/div>\n      <div class=\"col-12 col-md-8\">\n        <div class=\"facetwp-facet facetwp-facet-map facetwp-type-map\" data-name=\"map\" data-type=\"map\"><\/div>      <\/div>\n    <\/div>\n  <\/div>\n\n  <script>\n    document.querySelectorAll('.pointofsaleWrapper').forEach((container) => {\n      function ensureScrollVisible() {\n        \/\/ Vertical scroll bar\n        if (container.scrollTop === 0) {\n          container.scrollTop += 1;\n          container.scrollTop -= 1;\n        } else {\n          container.scrollTop -= 1;\n          container.scrollTop += 1;\n        }\n      }\n\n      ensureScrollVisible();\n      setInterval(ensureScrollVisible, 250);\n    });\n  <\/script>\n\t\t<div class=\"elementor-shortcode\"><\/div>\n\t\t\t\t\t\t<\/div>\n\t\t\t\t<\/div>\n\t\t\t\t\t<\/div>\n\t\t\t\t<\/div>\n\t\t<div class=\"elementor-element elementor-element-8d693e1 e-con-full e-flex e-con e-parent\" data-id=\"8d693e1\" data-element_type=\"container\" data-e-type=\"container\" data-settings=\"{&quot;background_background&quot;:&quot;classic&quot;}\">\n\t\t\t\t<div class=\"elementor-element elementor-element-cff84a7 elementor-widget elementor-widget-shortcode\" data-id=\"cff84a7\" data-element_type=\"widget\" data-e-type=\"widget\" data-widget_type=\"shortcode.default\">\n\t\t\t\t<div class=\"elementor-widget-container\">\n\t\t\t\t\t\t\t<div class=\"elementor-shortcode\">\t\t<div data-elementor-type=\"container\" data-elementor-id=\"1907\" class=\"elementor elementor-1907 elementor-614 elementor-614\" data-elementor-post-type=\"elementor_library\">\n\t\t\t\t<div class=\"elementor-element elementor-element-4b25da20 e-flex e-con-boxed e-con e-parent\" data-id=\"4b25da20\" data-element_type=\"container\" data-e-type=\"container\">\n\t\t\t\t\t<div class=\"e-con-inner\">\n\t\t<div class=\"elementor-element elementor-element-2f3b98b6 e-con-full e-flex e-con e-child\" data-id=\"2f3b98b6\" data-element_type=\"container\" data-e-type=\"container\" data-settings=\"{&quot;background_background&quot;:&quot;classic&quot;}\">\n\t\t\t\t<div class=\"elementor-element elementor-element-74aca97 elementor-widget elementor-widget-heading\" data-id=\"74aca97\" data-element_type=\"widget\" data-e-type=\"widget\" data-widget_type=\"heading.default\">\n\t\t\t\t<div class=\"elementor-widget-container\">\n\t\t\t\t\t<h2 class=\"elementor-heading-title elementor-size-default\">Zibro-\u00d6fen<\/h2>\t\t\t\t<\/div>\n\t\t\t\t<\/div>\n\t\t\t\t<div class=\"elementor-element elementor-element-6c905e16 elementor-widget elementor-widget-heading\" data-id=\"6c905e16\" data-element_type=\"widget\" data-e-type=\"widget\" data-widget_type=\"heading.default\">\n\t\t\t\t<div class=\"elementor-widget-container\">\n\t\t\t\t\t<h4 class=\"elementor-heading-title elementor-size-default\">W\u00e4rme, wo und wann Sie wollen<\/h4>\t\t\t\t<\/div>\n\t\t\t\t<\/div>\n\t\t\t\t<div class=\"elementor-element elementor-element-71ff93c5 elementor-widget elementor-widget-text-editor\" data-id=\"71ff93c5\" data-element_type=\"widget\" data-e-type=\"widget\" data-widget_type=\"text-editor.default\">\n\t\t\t\t<div class=\"elementor-widget-container\">\n\t\t\t\t\t\t\t\t\t<p class=\"p1\">Manchmal gibt es keine Heizung an dem Ort, an dem Sie sich gerade gern aufhalten: im Schuppen, wo Sie basteln, auf dem Dachboden, wo Sie lernen, oder im Vorzelt auf dem Campingplatz. Ein solcher Ort in der K\u00e4lte ist pl\u00f6tzlich viel weniger angenehm. <\/p><p class=\"p1\">G\u00f6nnen Sie sich angenehme W\u00e4rme mit einem mobilen Ofen von Zibro. Zuverl\u00e4ssig, benutzerfreundlich und \u00fcberall einsetzbar. <\/p>\t\t\t\t\t\t\t\t<\/div>\n\t\t\t\t<\/div>\n\t\t<div class=\"elementor-element elementor-element-13f2560a e-con-full e-flex e-con e-child\" data-id=\"13f2560a\" data-element_type=\"container\" data-e-type=\"container\">\n\t\t\t\t<div class=\"elementor-element elementor-element-74c31850 elementor-widget elementor-widget-button\" data-id=\"74c31850\" data-element_type=\"widget\" data-e-type=\"widget\" data-widget_type=\"button.default\">\n\t\t\t\t<div class=\"elementor-widget-container\">\n\t\t\t\t\t\t\t\t\t<div class=\"elementor-button-wrapper\">\n\t\t\t\t\t<a class=\"elementor-button elementor-button-link elementor-size-sm\" href=\"https:\/\/www.zibrokachels.nl\/\" target=\"_blank\">\n\t\t\t\t\t\t<span class=\"elementor-button-content-wrapper\">\n\t\t\t\t\t\t\t\t\t<span class=\"elementor-button-text\">Mehr \u00fcber Zibro<\/span>\n\t\t\t\t\t<\/span>\n\t\t\t\t\t<\/a>\n\t\t\t\t<\/div>\n\t\t\t\t\t\t\t\t<\/div>\n\t\t\t\t<\/div>\n\t\t\t\t<div class=\"elementor-element elementor-element-7d281d14 elementor-widget elementor-widget-button\" data-id=\"7d281d14\" data-element_type=\"widget\" data-e-type=\"widget\" data-widget_type=\"button.default\">\n\t\t\t\t<div class=\"elementor-widget-container\">\n\t\t\t\t\t\t\t\t\t<div class=\"elementor-button-wrapper\">\n\t\t\t\t\t<a class=\"elementor-button elementor-button-link elementor-size-sm\" href=\"https:\/\/www.zibrokachels.nl\/assortiment\/\" target=\"_blank\">\n\t\t\t\t\t\t<span class=\"elementor-button-content-wrapper\">\n\t\t\t\t\t\t\t\t\t<span class=\"elementor-button-text\">Zibro-\u00d6fen ansehen<\/span>\n\t\t\t\t\t<\/span>\n\t\t\t\t\t<\/a>\n\t\t\t\t<\/div>\n\t\t\t\t\t\t\t\t<\/div>\n\t\t\t\t<\/div>\n\t\t\t\t<\/div>\n\t\t\t\t<\/div>\n\t\t<div class=\"elementor-element elementor-element-28707e3c e-con-full elementor-hidden-mobile e-transform e-flex e-con e-child\" data-id=\"28707e3c\" data-element_type=\"container\" data-e-type=\"container\" data-settings=\"{&quot;background_background&quot;:&quot;classic&quot;,&quot;_transform_flipX_effect&quot;:&quot;transform&quot;}\">\n\t\t\t\t<\/div>\n\t\t\t\t\t<\/div>\n\t\t\t\t<\/div>\n\t\t\t\t<\/div>\n\t\t<\/div>\n\t\t\t\t\t\t<\/div>\n\t\t\t\t<\/div>\n\t\t\t\t<\/div>\n\t\t<div class=\"elementor-element elementor-element-7dd095a e-con-full e-flex e-con e-parent\" data-id=\"7dd095a\" data-element_type=\"container\" data-e-type=\"container\">\n\t\t\t\t<div class=\"elementor-element elementor-element-e0423ab elementor-widget elementor-widget-shortcode\" data-id=\"e0423ab\" data-element_type=\"widget\" data-e-type=\"widget\" data-widget_type=\"shortcode.default\">\n\t\t\t\t<div class=\"elementor-widget-container\">\n\t\t\t\t\t\t\t<div class=\"elementor-shortcode\">\t\t<div data-elementor-type=\"container\" data-elementor-id=\"1903\" class=\"elementor elementor-1903 elementor-1065 elementor-1065\" data-elementor-post-type=\"elementor_library\">\n\t\t\t\t<div class=\"elementor-element elementor-element-21bc97ab e-flex e-con-boxed e-con e-parent\" data-id=\"21bc97ab\" data-element_type=\"container\" data-e-type=\"container\" data-settings=\"{&quot;background_background&quot;:&quot;classic&quot;}\">\n\t\t\t\t\t<div class=\"e-con-inner\">\n\t\t\t\t<div class=\"elementor-element elementor-element-ae64a70 elementor-widget elementor-widget-heading\" data-id=\"ae64a70\" data-element_type=\"widget\" data-e-type=\"widget\" data-widget_type=\"heading.default\">\n\t\t\t\t<div class=\"elementor-widget-container\">\n\t\t\t\t\t<h2 class=\"elementor-heading-title elementor-size-default\">\u201eAngenehme W\u00e4rme beginnt mit sauberem Brennstoff. Ohne Geruch, ohne Aufwand.\u201c<\/h2>\t\t\t\t<\/div>\n\t\t\t\t<\/div>\n\t\t\t\t<div class=\"elementor-element elementor-element-57c8863d elementor-widget elementor-widget-button\" data-id=\"57c8863d\" data-element_type=\"widget\" data-e-type=\"widget\" data-widget_type=\"button.default\">\n\t\t\t\t<div class=\"elementor-widget-container\">\n\t\t\t\t\t\t\t\t\t<div class=\"elementor-button-wrapper\">\n\t\t\t\t\t<a class=\"elementor-button elementor-button-link elementor-size-sm\" href=\"https:\/\/www.firelux.nl\/de\/vorteile\/\">\n\t\t\t\t\t\t<span class=\"elementor-button-content-wrapper\">\n\t\t\t\t\t\t\t\t\t<span class=\"elementor-button-text\">Entdecken Sie die Vorteile von Firelux &gt;<\/span>\n\t\t\t\t\t<\/span>\n\t\t\t\t\t<\/a>\n\t\t\t\t<\/div>\n\t\t\t\t\t\t\t\t<\/div>\n\t\t\t\t<\/div>\n\t\t\t\t\t<\/div>\n\t\t\t\t<\/div>\n\t\t\t\t<\/div>\n\t\t<\/div>\n\t\t\t\t\t\t<\/div>\n\t\t\t\t<\/div>\n\t\t\t\t<\/div>\n\t\t\t\t<\/div>\n\t\t","protected":false},"excerpt":{"rendered":"<p>Finden Sie einen H\u00e4ndler in Ihrer N\u00e4he Mit \u00fcber 500 H\u00e4ndlern in den Niederlanden finden Sie immer eine Verkaufsstelle in Ihrer N\u00e4he. Hinweis: Firelux ist ein saisonal verf\u00fcgbares Produkt. Nehmen Sie daher bitte vorab mit den H\u00e4ndler Kontakt auf, um zu pr\u00fcfen, ob das Produkt vorr\u00e4tig ist. Wohnort oder Ihre Postleitzahl<\/p>\n","protected":false},"author":1,"featured_media":0,"parent":0,"menu_order":3,"comment_status":"closed","ping_status":"closed","template":"","meta":{"_acf_changed":false,"footnotes":""},"class_list":["post-2781","page","type-page","status-publish","hentry"],"acf":[],"yoast_head":"<!-- This site is optimized with the Yoast SEO plugin v27.5 - https:\/\/yoast.com\/product\/yoast-seo-wordpress\/ -->\n<title>H\u00e4ndler - Firelux<\/title>\n<meta name=\"robots\" content=\"index, follow, max-snippet:-1, max-image-preview:large, max-video-preview:-1\" \/>\n<link rel=\"canonical\" href=\"https:\/\/www.firelux.nl\/de\/handler\/\" \/>\n<meta property=\"og:locale\" content=\"de_DE\" \/>\n<meta property=\"og:type\" content=\"article\" \/>\n<meta property=\"og:title\" content=\"H\u00e4ndler - Firelux\" \/>\n<meta property=\"og:description\" content=\"Finden Sie einen H\u00e4ndler in Ihrer N\u00e4he Mit \u00fcber 500 H\u00e4ndlern in den Niederlanden finden Sie immer eine Verkaufsstelle in Ihrer N\u00e4he. Hinweis: Firelux ist ein saisonal verf\u00fcgbares Produkt. Nehmen Sie daher bitte vorab mit den H\u00e4ndler Kontakt auf, um zu pr\u00fcfen, ob das Produkt vorr\u00e4tig ist. Wohnort oder Ihre Postleitzahl\" \/>\n<meta property=\"og:url\" content=\"https:\/\/www.firelux.nl\/de\/handler\/\" \/>\n<meta property=\"og:site_name\" content=\"Firelux\" \/>\n<meta property=\"article:modified_time\" content=\"2025-12-05T08:50:52+00:00\" \/>\n<meta name=\"twitter:card\" content=\"summary_large_image\" \/>\n<script type=\"application\/ld+json\" class=\"yoast-schema-graph\">{\"@context\":\"https:\\\/\\\/schema.org\",\"@graph\":[{\"@type\":\"WebPage\",\"@id\":\"https:\\\/\\\/www.firelux.nl\\\/de\\\/handler\\\/\",\"url\":\"https:\\\/\\\/www.firelux.nl\\\/de\\\/handler\\\/\",\"name\":\"H\u00e4ndler - Firelux\",\"isPartOf\":{\"@id\":\"https:\\\/\\\/www.firelux.nl\\\/de\\\/#website\"},\"datePublished\":\"2025-12-05T08:49:26+00:00\",\"dateModified\":\"2025-12-05T08:50:52+00:00\",\"breadcrumb\":{\"@id\":\"https:\\\/\\\/www.firelux.nl\\\/de\\\/handler\\\/#breadcrumb\"},\"inLanguage\":\"de\",\"potentialAction\":[{\"@type\":\"ReadAction\",\"target\":[\"https:\\\/\\\/www.firelux.nl\\\/de\\\/handler\\\/\"]}]},{\"@type\":\"BreadcrumbList\",\"@id\":\"https:\\\/\\\/www.firelux.nl\\\/de\\\/handler\\\/#breadcrumb\",\"itemListElement\":[{\"@type\":\"ListItem\",\"position\":1,\"name\":\"Home\",\"item\":\"https:\\\/\\\/www.firelux.nl\\\/de\\\/home\\\/\"},{\"@type\":\"ListItem\",\"position\":2,\"name\":\"H\u00e4ndler\"}]},{\"@type\":\"WebSite\",\"@id\":\"https:\\\/\\\/www.firelux.nl\\\/de\\\/#website\",\"url\":\"https:\\\/\\\/www.firelux.nl\\\/de\\\/\",\"name\":\"Firelux\",\"description\":\"Schone brandstof voor alle merken kachels\",\"publisher\":{\"@id\":\"https:\\\/\\\/www.firelux.nl\\\/de\\\/#organization\"},\"potentialAction\":[{\"@type\":\"SearchAction\",\"target\":{\"@type\":\"EntryPoint\",\"urlTemplate\":\"https:\\\/\\\/www.firelux.nl\\\/de\\\/?s={search_term_string}\"},\"query-input\":{\"@type\":\"PropertyValueSpecification\",\"valueRequired\":true,\"valueName\":\"search_term_string\"}}],\"inLanguage\":\"de\"},{\"@type\":\"Organization\",\"@id\":\"https:\\\/\\\/www.firelux.nl\\\/de\\\/#organization\",\"name\":\"Firelux\",\"url\":\"https:\\\/\\\/www.firelux.nl\\\/de\\\/\",\"logo\":{\"@type\":\"ImageObject\",\"inLanguage\":\"de\",\"@id\":\"https:\\\/\\\/www.firelux.nl\\\/de\\\/#\\\/schema\\\/logo\\\/image\\\/\",\"url\":\"https:\\\/\\\/www.firelux.nl\\\/wp-content\\\/uploads\\\/Firelux_logo.webp\",\"contentUrl\":\"https:\\\/\\\/www.firelux.nl\\\/wp-content\\\/uploads\\\/Firelux_logo.webp\",\"width\":663,\"height\":315,\"caption\":\"Firelux\"},\"image\":{\"@id\":\"https:\\\/\\\/www.firelux.nl\\\/de\\\/#\\\/schema\\\/logo\\\/image\\\/\"}}]}<\/script>\n<!-- \/ Yoast SEO plugin. -->","yoast_head_json":{"title":"H\u00e4ndler - Firelux","robots":{"index":"index","follow":"follow","max-snippet":"max-snippet:-1","max-image-preview":"max-image-preview:large","max-video-preview":"max-video-preview:-1"},"canonical":"https:\/\/www.firelux.nl\/de\/handler\/","og_locale":"de_DE","og_type":"article","og_title":"H\u00e4ndler - Firelux","og_description":"Finden Sie einen H\u00e4ndler in Ihrer N\u00e4he Mit \u00fcber 500 H\u00e4ndlern in den Niederlanden finden Sie immer eine Verkaufsstelle in Ihrer N\u00e4he. Hinweis: Firelux ist ein saisonal verf\u00fcgbares Produkt. Nehmen Sie daher bitte vorab mit den H\u00e4ndler Kontakt auf, um zu pr\u00fcfen, ob das Produkt vorr\u00e4tig ist. Wohnort oder Ihre Postleitzahl","og_url":"https:\/\/www.firelux.nl\/de\/handler\/","og_site_name":"Firelux","article_modified_time":"2025-12-05T08:50:52+00:00","twitter_card":"summary_large_image","schema":{"@context":"https:\/\/schema.org","@graph":[{"@type":"WebPage","@id":"https:\/\/www.firelux.nl\/de\/handler\/","url":"https:\/\/www.firelux.nl\/de\/handler\/","name":"H\u00e4ndler - Firelux","isPartOf":{"@id":"https:\/\/www.firelux.nl\/de\/#website"},"datePublished":"2025-12-05T08:49:26+00:00","dateModified":"2025-12-05T08:50:52+00:00","breadcrumb":{"@id":"https:\/\/www.firelux.nl\/de\/handler\/#breadcrumb"},"inLanguage":"de","potentialAction":[{"@type":"ReadAction","target":["https:\/\/www.firelux.nl\/de\/handler\/"]}]},{"@type":"BreadcrumbList","@id":"https:\/\/www.firelux.nl\/de\/handler\/#breadcrumb","itemListElement":[{"@type":"ListItem","position":1,"name":"Home","item":"https:\/\/www.firelux.nl\/de\/home\/"},{"@type":"ListItem","position":2,"name":"H\u00e4ndler"}]},{"@type":"WebSite","@id":"https:\/\/www.firelux.nl\/de\/#website","url":"https:\/\/www.firelux.nl\/de\/","name":"Firelux","description":"Schone brandstof voor alle merken kachels","publisher":{"@id":"https:\/\/www.firelux.nl\/de\/#organization"},"potentialAction":[{"@type":"SearchAction","target":{"@type":"EntryPoint","urlTemplate":"https:\/\/www.firelux.nl\/de\/?s={search_term_string}"},"query-input":{"@type":"PropertyValueSpecification","valueRequired":true,"valueName":"search_term_string"}}],"inLanguage":"de"},{"@type":"Organization","@id":"https:\/\/www.firelux.nl\/de\/#organization","name":"Firelux","url":"https:\/\/www.firelux.nl\/de\/","logo":{"@type":"ImageObject","inLanguage":"de","@id":"https:\/\/www.firelux.nl\/de\/#\/schema\/logo\/image\/","url":"https:\/\/www.firelux.nl\/wp-content\/uploads\/Firelux_logo.webp","contentUrl":"https:\/\/www.firelux.nl\/wp-content\/uploads\/Firelux_logo.webp","width":663,"height":315,"caption":"Firelux"},"image":{"@id":"https:\/\/www.firelux.nl\/de\/#\/schema\/logo\/image\/"}}]}},"_links":{"self":[{"href":"https:\/\/www.firelux.nl\/de\/wp-json\/wp\/v2\/pages\/2781","targetHints":{"allow":["GET"]}}],"collection":[{"href":"https:\/\/www.firelux.nl\/de\/wp-json\/wp\/v2\/pages"}],"about":[{"href":"https:\/\/www.firelux.nl\/de\/wp-json\/wp\/v2\/types\/page"}],"author":[{"embeddable":true,"href":"https:\/\/www.firelux.nl\/de\/wp-json\/wp\/v2\/users\/1"}],"replies":[{"embeddable":true,"href":"https:\/\/www.firelux.nl\/de\/wp-json\/wp\/v2\/comments?post=2781"}],"version-history":[{"count":3,"href":"https:\/\/www.firelux.nl\/de\/wp-json\/wp\/v2\/pages\/2781\/revisions"}],"predecessor-version":[{"id":2797,"href":"https:\/\/www.firelux.nl\/de\/wp-json\/wp\/v2\/pages\/2781\/revisions\/2797"}],"wp:attachment":[{"href":"https:\/\/www.firelux.nl\/de\/wp-json\/wp\/v2\/media?parent=2781"}],"curies":[{"name":"wp","href":"https:\/\/api.w.org\/{rel}","templated":true}]}}